{"id":721,"date":"2026-03-02T11:11:09","date_gmt":"2026-03-02T11:11:09","guid":{"rendered":"https:\/\/cliniquedrmartins.ch\/our-promise\/"},"modified":"2026-03-24T08:32:52","modified_gmt":"2026-03-24T08:32:52","slug":"our-promise","status":"publish","type":"page","link":"https:\/\/cliniquedrmartins.ch\/en\/clinic\/our-promise\/","title":{"rendered":"Our promise"},"content":{"rendered":"<p>[et_pb_section fb_built=&#8221;1&#8243; custom_padding_last_edited=&#8221;on|tablet&#8221; admin_label=&#8221;Header&#8221; _builder_version=&#8221;4.27.4&#8243; _module_preset=&#8221;default&#8221; background_enable_image=&#8221;off&#8221; custom_padding=&#8221;||0px||false|false&#8221; custom_padding_tablet=&#8221;0px||||false|false&#8221; custom_padding_phone=&#8221;0px||||false|false&#8221; locked=&#8221;off&#8221; global_colors_info=&#8221;{}&#8221;][et_pb_row column_structure=&#8221;1_5,3_5,1_5&#8243; make_equal=&#8221;on&#8221; custom_padding_last_edited=&#8221;on|tablet&#8221; module_class=&#8221;vert-center&#8221; _builder_version=&#8221;4.27.4&#8243; _module_preset=&#8221;default&#8221; custom_padding_tablet=&#8221;||||false|false&#8221; custom_padding_phone=&#8221;||||false|false&#8221; global_colors_info=&#8221;{}&#8221;][et_pb_column type=&#8221;1_5&#8243; _builder_version=&#8221;4.27.4&#8243; _module_preset=&#8221;default&#8221; z_index=&#8221;10&#8243; custom_padding=&#8221;||||false|false&#8221; custom_padding_tablet=&#8221;||||true|false&#8221; custom_padding_phone=&#8221;&#8221; custom_padding_last_edited=&#8221;on|desktop&#8221; global_colors_info=&#8221;{}&#8221;][\/et_pb_column][et_pb_column type=&#8221;3_5&#8243; _builder_version=&#8221;4.27.4&#8243; _module_preset=&#8221;default&#8221; global_colors_info=&#8221;{}&#8221;][et_pb_cta title=&#8221;OUR PROMISE&#8221; button_url=&#8221;\/#soins&#8221; module_class=&#8221;hero-cta&#8221; _builder_version=&#8221;4.27.4&#8243; _module_preset=&#8221;default&#8221; header_level=&#8221;h1&#8243; header_font_size=&#8221;50px&#8221; background_enable_color=&#8221;off&#8221; background_layout=&#8221;light&#8221; custom_margin=&#8221;30px||30px||true|false&#8221; custom_margin_tablet=&#8221;|0px|||true|false&#8221; custom_margin_phone=&#8221;|0px|||true|false&#8221; custom_margin_last_edited=&#8221;on|tablet&#8221; custom_padding=&#8221;50px|2vw|50px|2vw|true|true&#8221; custom_padding_tablet=&#8221;50px|7vw|50px|7vw|true|true&#8221; custom_padding_phone=&#8221;50px|7vw|50px|7vw|true|true&#8221; custom_padding_last_edited=&#8221;on|tablet&#8221; header_font_size_tablet=&#8221;30px&#8221; header_font_size_phone=&#8221;30px&#8221; header_font_size_last_edited=&#8221;on|phone&#8221; border_width_all=&#8221;2px&#8221; border_color_all=&#8221;#cdad7d&#8221; global_colors_info=&#8221;{}&#8221;][\/et_pb_cta][\/et_pb_column][et_pb_column type=&#8221;1_5&#8243; _builder_version=&#8221;4.27.4&#8243; _module_preset=&#8221;default&#8221; global_colors_info=&#8221;{}&#8221;][\/et_pb_column][\/et_pb_row][\/et_pb_section][et_pb_section fb_built=&#8221;1&#8243; custom_padding_last_edited=&#8221;on|desktop&#8221; _builder_version=&#8221;4.27.4&#8243; _module_preset=&#8221;default&#8221; custom_padding=&#8221;0px||||false|false&#8221; custom_padding_tablet=&#8221;||||false|false&#8221; custom_padding_phone=&#8221;0px||40px||false|false&#8221; locked=&#8221;off&#8221; global_colors_info=&#8221;{}&#8221;][et_pb_row use_custom_gutter=&#8221;on&#8221; gutter_width=&#8221;2&#8243; custom_padding_last_edited=&#8221;on|tablet&#8221; _builder_version=&#8221;4.27.4&#8243; _module_preset=&#8221;default&#8221; background_enable_color=&#8221;off&#8221; background_enable_image=&#8221;off&#8221; background_size=&#8221;contain&#8221; background_position=&#8221;top_right&#8221; max_width_tablet=&#8221;940px&#8221; max_width_phone=&#8221;940px&#8221; max_width_last_edited=&#8221;on|phone&#8221; overflow-x=&#8221;visible&#8221; overflow-y=&#8221;visible&#8221; custom_margin=&#8221;||||false|false&#8221; custom_padding=&#8221;||||true|true&#8221; custom_padding_tablet=&#8221;||||false|true&#8221; custom_padding_phone=&#8221;||||false|true&#8221; background_last_edited=&#8221;on|desktop&#8221; background_enable_image_tablet=&#8221;off&#8221; global_colors_info=&#8221;{}&#8221;][et_pb_column type=&#8221;4_4&#8243; _builder_version=&#8221;4.27.4&#8243; _module_preset=&#8221;default&#8221; global_colors_info=&#8221;{}&#8221;][et_pb_text _builder_version=&#8221;4.27.4&#8243; _module_preset=&#8221;default&#8221; global_colors_info=&#8221;{}&#8221;]<\/p>\n<p><strong>Medical precision.<br \/>Biological safety.<br \/>Sustainable excellence.<\/strong><\/p>\n<p><strong><\/strong><\/p>\n<p>Our promise is based on three clear commitments:<\/p>\n<p>[\/et_pb_text][\/et_pb_column][\/et_pb_row][et_pb_row column_structure=&#8221;1_3,1_3,1_3&#8243; use_custom_gutter=&#8221;on&#8221; gutter_width=&#8221;2&#8243; custom_padding_last_edited=&#8221;on|tablet&#8221; _builder_version=&#8221;4.27.4&#8243; _module_preset=&#8221;default&#8221; background_enable_color=&#8221;off&#8221; background_enable_image=&#8221;off&#8221; background_size=&#8221;contain&#8221; background_position=&#8221;top_right&#8221; max_width_tablet=&#8221;940px&#8221; max_width_phone=&#8221;940px&#8221; max_width_last_edited=&#8221;on|phone&#8221; overflow-x=&#8221;visible&#8221; overflow-y=&#8221;visible&#8221; custom_margin=&#8221;||||false|false&#8221; custom_padding=&#8221;||||true|true&#8221; custom_padding_tablet=&#8221;||||false|true&#8221; custom_padding_phone=&#8221;||||false|true&#8221; background_last_edited=&#8221;on|desktop&#8221; background_enable_image_tablet=&#8221;off&#8221; global_colors_info=&#8221;{}&#8221;][et_pb_column type=&#8221;1_3&#8243; _builder_version=&#8221;4.27.4&#8243; _module_preset=&#8221;default&#8221; global_colors_info=&#8221;{}&#8221;][et_pb_image src=&#8221;http:\/\/cliniquedrmartins.ch\/wp-content\/uploads\/2026\/03\/picto-clinique-dr-martins-5.png&#8221; _builder_version=&#8221;4.27.4&#8243; _module_preset=&#8221;default&#8221; title_text=&#8221;picto-clinique-dr-martins-5&#8243; max_width=&#8221;120px&#8221; hover_enabled=&#8221;0&#8243; sticky_enabled=&#8221;0&#8243;][\/et_pb_image][et_pb_text _builder_version=&#8221;4.27.4&#8243; _module_preset=&#8221;default&#8221; global_colors_info=&#8221;{}&#8221;]<\/p>\n<h2>Une d\u00e9cision th\u00e9rapeutique fond\u00e9e sur l\u2019indication m\u00e9dicale<\/h2>\n<p>No treatment is proposed without documented clinical justification.<\/p>\n<p>[\/et_pb_text][\/et_pb_column][et_pb_column type=&#8221;1_3&#8243; _builder_version=&#8221;4.27.4&#8243; _module_preset=&#8221;default&#8221; global_colors_info=&#8221;{}&#8221;][et_pb_image src=&#8221;http:\/\/cliniquedrmartins.ch\/wp-content\/uploads\/2026\/03\/picto-clinique-dr-martins-6.png&#8221; _builder_version=&#8221;4.27.4&#8243; _module_preset=&#8221;default&#8221; title_text=&#8221;picto-clinique-dr-martins-6&#8243; max_width=&#8221;120px&#8221; hover_enabled=&#8221;0&#8243; sticky_enabled=&#8221;0&#8243;][\/et_pb_image][et_pb_text _builder_version=&#8221;4.27.4&#8243; _module_preset=&#8221;default&#8221; global_colors_info=&#8221;{}&#8221;]<\/p>\n<h2>Total transparency<\/h2>\n<p>Diagnosis explained, options detailed, structured treatment estimate.<\/p>\n<p>[\/et_pb_text][\/et_pb_column][et_pb_column type=&#8221;1_3&#8243; _builder_version=&#8221;4.27.4&#8243; _module_preset=&#8221;default&#8221; global_colors_info=&#8221;{}&#8221;][et_pb_image src=&#8221;http:\/\/cliniquedrmartins.ch\/wp-content\/uploads\/2026\/03\/picto-clinique-dr-martins-9.png&#8221; _builder_version=&#8221;4.27.4&#8243; _module_preset=&#8221;default&#8221; title_text=&#8221;picto-clinique-dr-martins-9&#8243; max_width=&#8221;120px&#8221; hover_enabled=&#8221;0&#8243; sticky_enabled=&#8221;0&#8243;][\/et_pb_image][et_pb_text _builder_version=&#8221;4.27.4&#8243; _module_preset=&#8221;default&#8221; global_colors_info=&#8221;{}&#8221;]<\/p>\n<h2>Long-term responsibility<\/h2>\n<p>We do not seek immediate results.<br \/>We aim for long-term stability.<\/p>\n<p>Because high-level dental care begins with respect for the patient\u2026<br \/>and is measured over years.<\/p>\n<p>[\/et_pb_text][\/et_pb_column][\/et_pb_row][\/et_pb_section]<\/p>\n","protected":false},"excerpt":{"rendered":"<p>Medical precision.Biological safety.Sustainable excellence. Our promise is based on three clear commitments:Une d\u00e9cision th\u00e9rapeutique fond\u00e9e sur l\u2019indication m\u00e9dicale No treatment is proposed without documented clinical justification.Total transparency Diagnosis explained, options detailed, structured treatment estimate.Long-term responsibility We do not seek immediate results.We aim for long-term stability. Because high-level dental care begins with respect for the patient\u2026and [&hellip;]<\/p>\n","protected":false},"author":1,"featured_media":0,"parent":703,"menu_order":0,"comment_status":"closed","ping_status":"closed","template":"","meta":{"_et_pb_use_builder":"on","_et_pb_old_content":"","_et_gb_content_width":"","inline_featured_image":false,"footnotes":""},"class_list":["post-721","page","type-page","status-publish","hentry"],"yoast_head":"<!-- This site is optimized with the Yoast SEO plugin v27.1.1 - https:\/\/yoast.com\/product\/yoast-seo-wordpress\/ -->\n<title>Our promise - Clinique Dr Martins<\/title>\n<meta name=\"robots\" content=\"index, follow, max-snippet:-1, max-image-preview:large, max-video-preview:-1\" \/>\n<link rel=\"canonical\" href=\"https:\/\/cliniquedrmartins.ch\/en\/clinic\/our-promise\/\" \/>\n<meta property=\"og:locale\" content=\"en_US\" \/>\n<meta property=\"og:type\" content=\"article\" \/>\n<meta property=\"og:title\" content=\"Our promise - Clinique Dr Martins\" \/>\n<meta property=\"og:description\" content=\"Medical precision.Biological safety.Sustainable excellence. Our promise is based on three clear commitments:Une d\u00e9cision th\u00e9rapeutique fond\u00e9e sur l\u2019indication m\u00e9dicale No treatment is proposed without documented clinical justification.Total transparency Diagnosis explained, options detailed, structured treatment estimate.Long-term responsibility We do not seek immediate results.We aim for long-term stability. Because high-level dental care begins with respect for the patient\u2026and [&hellip;]\" \/>\n<meta property=\"og:url\" content=\"https:\/\/cliniquedrmartins.ch\/en\/clinic\/our-promise\/\" \/>\n<meta property=\"og:site_name\" content=\"Clinique Dr Martins\" \/>\n<meta property=\"article:publisher\" content=\"https:\/\/www.facebook.com\/malodentalgeneve\" \/>\n<meta property=\"article:modified_time\" content=\"2026-03-24T08:32:52+00:00\" \/>\n<meta name=\"twitter:card\" content=\"summary_large_image\" \/>\n<meta name=\"twitter:label1\" content=\"Est. reading time\" \/>\n\t<meta name=\"twitter:data1\" content=\"4 minutes\" \/>\n<script type=\"application\/ld+json\" class=\"yoast-schema-graph\">{\"@context\":\"https:\/\/schema.org\",\"@graph\":[{\"@type\":\"WebPage\",\"@id\":\"https:\/\/cliniquedrmartins.ch\/en\/clinic\/our-promise\/\",\"url\":\"https:\/\/cliniquedrmartins.ch\/en\/clinic\/our-promise\/\",\"name\":\"Our promise - Clinique Dr Martins\",\"isPartOf\":{\"@id\":\"https:\/\/cliniquedrmartins.ch\/en\/#website\"},\"datePublished\":\"2026-03-02T11:11:09+00:00\",\"dateModified\":\"2026-03-24T08:32:52+00:00\",\"breadcrumb\":{\"@id\":\"https:\/\/cliniquedrmartins.ch\/en\/clinic\/our-promise\/#breadcrumb\"},\"inLanguage\":\"en-US\",\"potentialAction\":[{\"@type\":\"ReadAction\",\"target\":[\"https:\/\/cliniquedrmartins.ch\/en\/clinic\/our-promise\/\"]}]},{\"@type\":\"BreadcrumbList\",\"@id\":\"https:\/\/cliniquedrmartins.ch\/en\/clinic\/our-promise\/#breadcrumb\",\"itemListElement\":[{\"@type\":\"ListItem\",\"position\":1,\"name\":\"Accueil\",\"item\":\"https:\/\/cliniquedrmartins.ch\/en\/\"},{\"@type\":\"ListItem\",\"position\":2,\"name\":\"Clinic\",\"item\":\"https:\/\/cliniquedrmartins.ch\/en\/clinic\/\"},{\"@type\":\"ListItem\",\"position\":3,\"name\":\"Our promise\"}]},{\"@type\":\"WebSite\",\"@id\":\"https:\/\/cliniquedrmartins.ch\/en\/#website\",\"url\":\"https:\/\/cliniquedrmartins.ch\/en\/\",\"name\":\"Clinique Dr Martins\",\"description\":\"\",\"publisher\":{\"@id\":\"https:\/\/cliniquedrmartins.ch\/en\/#organization\"},\"potentialAction\":[{\"@type\":\"SearchAction\",\"target\":{\"@type\":\"EntryPoint\",\"urlTemplate\":\"https:\/\/cliniquedrmartins.ch\/en\/?s={search_term_string}\"},\"query-input\":{\"@type\":\"PropertyValueSpecification\",\"valueRequired\":true,\"valueName\":\"search_term_string\"}}],\"inLanguage\":\"en-US\"},{\"@type\":\"Organization\",\"@id\":\"https:\/\/cliniquedrmartins.ch\/en\/#organization\",\"name\":\"Clinique Dr Martins\",\"url\":\"https:\/\/cliniquedrmartins.ch\/en\/\",\"logo\":{\"@type\":\"ImageObject\",\"inLanguage\":\"en-US\",\"@id\":\"https:\/\/cliniquedrmartins.ch\/en\/#\/schema\/logo\/image\/\",\"url\":\"http:\/\/cliniquedrmartins.ch\/wp-content\/uploads\/2025\/12\/logo-clinique-docteur-martins-1.png\",\"contentUrl\":\"http:\/\/cliniquedrmartins.ch\/wp-content\/uploads\/2025\/12\/logo-clinique-docteur-martins-1.png\",\"width\":350,\"height\":147,\"caption\":\"Clinique Dr Martins\"},\"image\":{\"@id\":\"https:\/\/cliniquedrmartins.ch\/en\/#\/schema\/logo\/image\/\"},\"sameAs\":[\"https:\/\/www.facebook.com\/malodentalgeneve\"]}]}<\/script>\n<!-- \/ Yoast SEO plugin. -->","yoast_head_json":{"title":"Our promise - Clinique Dr Martins","robots":{"index":"index","follow":"follow","max-snippet":"max-snippet:-1","max-image-preview":"max-image-preview:large","max-video-preview":"max-video-preview:-1"},"canonical":"https:\/\/cliniquedrmartins.ch\/en\/clinic\/our-promise\/","og_locale":"en_US","og_type":"article","og_title":"Our promise - Clinique Dr Martins","og_description":"Medical precision.Biological safety.Sustainable excellence. Our promise is based on three clear commitments:Une d\u00e9cision th\u00e9rapeutique fond\u00e9e sur l\u2019indication m\u00e9dicale No treatment is proposed without documented clinical justification.Total transparency Diagnosis explained, options detailed, structured treatment estimate.Long-term responsibility We do not seek immediate results.We aim for long-term stability. Because high-level dental care begins with respect for the patient\u2026and [&hellip;]","og_url":"https:\/\/cliniquedrmartins.ch\/en\/clinic\/our-promise\/","og_site_name":"Clinique Dr Martins","article_publisher":"https:\/\/www.facebook.com\/malodentalgeneve","article_modified_time":"2026-03-24T08:32:52+00:00","twitter_card":"summary_large_image","twitter_misc":{"Est. reading time":"4 minutes"},"schema":{"@context":"https:\/\/schema.org","@graph":[{"@type":"WebPage","@id":"https:\/\/cliniquedrmartins.ch\/en\/clinic\/our-promise\/","url":"https:\/\/cliniquedrmartins.ch\/en\/clinic\/our-promise\/","name":"Our promise - Clinique Dr Martins","isPartOf":{"@id":"https:\/\/cliniquedrmartins.ch\/en\/#website"},"datePublished":"2026-03-02T11:11:09+00:00","dateModified":"2026-03-24T08:32:52+00:00","breadcrumb":{"@id":"https:\/\/cliniquedrmartins.ch\/en\/clinic\/our-promise\/#breadcrumb"},"inLanguage":"en-US","potentialAction":[{"@type":"ReadAction","target":["https:\/\/cliniquedrmartins.ch\/en\/clinic\/our-promise\/"]}]},{"@type":"BreadcrumbList","@id":"https:\/\/cliniquedrmartins.ch\/en\/clinic\/our-promise\/#breadcrumb","itemListElement":[{"@type":"ListItem","position":1,"name":"Accueil","item":"https:\/\/cliniquedrmartins.ch\/en\/"},{"@type":"ListItem","position":2,"name":"Clinic","item":"https:\/\/cliniquedrmartins.ch\/en\/clinic\/"},{"@type":"ListItem","position":3,"name":"Our promise"}]},{"@type":"WebSite","@id":"https:\/\/cliniquedrmartins.ch\/en\/#website","url":"https:\/\/cliniquedrmartins.ch\/en\/","name":"Clinique Dr Martins","description":"","publisher":{"@id":"https:\/\/cliniquedrmartins.ch\/en\/#organization"},"potentialAction":[{"@type":"SearchAction","target":{"@type":"EntryPoint","urlTemplate":"https:\/\/cliniquedrmartins.ch\/en\/?s={search_term_string}"},"query-input":{"@type":"PropertyValueSpecification","valueRequired":true,"valueName":"search_term_string"}}],"inLanguage":"en-US"},{"@type":"Organization","@id":"https:\/\/cliniquedrmartins.ch\/en\/#organization","name":"Clinique Dr Martins","url":"https:\/\/cliniquedrmartins.ch\/en\/","logo":{"@type":"ImageObject","inLanguage":"en-US","@id":"https:\/\/cliniquedrmartins.ch\/en\/#\/schema\/logo\/image\/","url":"http:\/\/cliniquedrmartins.ch\/wp-content\/uploads\/2025\/12\/logo-clinique-docteur-martins-1.png","contentUrl":"http:\/\/cliniquedrmartins.ch\/wp-content\/uploads\/2025\/12\/logo-clinique-docteur-martins-1.png","width":350,"height":147,"caption":"Clinique Dr Martins"},"image":{"@id":"https:\/\/cliniquedrmartins.ch\/en\/#\/schema\/logo\/image\/"},"sameAs":["https:\/\/www.facebook.com\/malodentalgeneve"]}]}},"_links":{"self":[{"href":"https:\/\/cliniquedrmartins.ch\/en\/wp-json\/wp\/v2\/pages\/721","targetHints":{"allow":["GET"]}}],"collection":[{"href":"https:\/\/cliniquedrmartins.ch\/en\/wp-json\/wp\/v2\/pages"}],"about":[{"href":"https:\/\/cliniquedrmartins.ch\/en\/wp-json\/wp\/v2\/types\/page"}],"author":[{"embeddable":true,"href":"https:\/\/cliniquedrmartins.ch\/en\/wp-json\/wp\/v2\/users\/1"}],"replies":[{"embeddable":true,"href":"https:\/\/cliniquedrmartins.ch\/en\/wp-json\/wp\/v2\/comments?post=721"}],"version-history":[{"count":15,"href":"https:\/\/cliniquedrmartins.ch\/en\/wp-json\/wp\/v2\/pages\/721\/revisions"}],"predecessor-version":[{"id":925,"href":"https:\/\/cliniquedrmartins.ch\/en\/wp-json\/wp\/v2\/pages\/721\/revisions\/925"}],"up":[{"embeddable":true,"href":"https:\/\/cliniquedrmartins.ch\/en\/wp-json\/wp\/v2\/pages\/703"}],"wp:attachment":[{"href":"https:\/\/cliniquedrmartins.ch\/en\/wp-json\/wp\/v2\/media?parent=721"}],"curies":[{"name":"wp","href":"https:\/\/api.w.org\/{rel}","templated":true}]}}